{"id":22,"date":"2016-04-26T06:40:34","date_gmt":"2016-04-26T06:40:34","guid":{"rendered":"http:\/\/ld-wp.template-help.com\/wordpress_59005-sample\/?page_id=22"},"modified":"2025-12-08T13:18:22","modified_gmt":"2025-12-08T13:18:22","slug":"contacts","status":"publish","type":"page","link":"https:\/\/maisondesbieres.ca\/en\/contacts\/","title":{"rendered":"Contact U.S"},"content":{"rendered":"<p>Contactez nous Adresses: \u00a0 1703 rue Sainte Catherine Est, Montr\u00e9al. \u00a0 4485 rue de Lanaudi\u00e8re, Montr\u00e9al. TEL: 514-564-3100 Email: lamaisondesbieres@gmail.com Heures de travail Lundi-Vendredi: 11:00-21:00 Samedi: 12:00-22:00 Dimanche: 12:00-21:00 Entrez en contact Nos Adresses &#8211; 1703 rue Sainte Catherine Est, Montr\u00e9al. https:\/\/www.google.com\/maps\/embed?pb=!1m18!1m12!1m3!1d11181.518626342948!2d-73.5710532051418!3d45.52256504850023!2m3!1f0!2f0!3f0!3m2!1i1024!2i768!4f13.1!3m3!1m2!1s0x4cc91baff3e13547%3A0xba3ffadbfe62e965!2s1703%20St%20Catherine%20St%20E%2C%20Montreal%2C%20QC%20H2L%202J5%2C%20Canada!5e0!3m2!1sen!2stn!4v1764957011256!5m2!1sen!2stn 4485 rue de Lanaudi\u00e8re, Montr\u00e9al. https:\/\/www.google.com\/maps\/embed?pb=!1m18!1m12!1m3!1d2350.302321459437!2d-73.57752924403773!3d45.530281153525!2m3!1f0!2f0!3f0!3m2!1i1024!2i768!4f13.1!3m3!1m2!1s0x4cc91bdb49412e01%3A0xd3ca1525b8ebf396!2s4485%20Lanaudiere%20St%2C%20Montreal%2C%20QC%20H2J%203P3%2C%20Canada!5e0!3m2!1sen!2stn!4v1764951681030!5m2!1sen!2stn<\/p>","protected":false},"excerpt":{"rendered":"<p>Contactez nous Adresses: \u00a0 1703 rue Sainte Catherine Est, Montr\u00e9al. \u00a0 4485 rue de Lanaudi\u00e8re, Montr\u00e9al. TEL: 514-564-3100 Email: lamaisondesbieres@gmail.com Heures de travail Lundi-Vendredi: 11:00-21:00 Samedi: 12:00-22:00 Dimanche: 12:00-21:00 Entrez en contact Nos Adresses &#8211; 1703 rue Sainte Catherine Est, Montr\u00e9al. 4485 rue de Lanaudi\u00e8re, Montr\u00e9al.<\/p>","protected":false},"author":1,"featured_media":0,"parent":0,"menu_order":0,"comment_status":"closed","ping_status":"closed","template":"","meta":{"footnotes":""},"class_list":["post-22","page","type-page","status-publish","hentry","no-thumb"],"_links":{"self":[{"href":"https:\/\/maisondesbieres.ca\/en\/wp-json\/wp\/v2\/pages\/22","targetHints":{"allow":["GET"]}}],"collection":[{"href":"https:\/\/maisondesbieres.ca\/en\/wp-json\/wp\/v2\/pages"}],"about":[{"href":"https:\/\/maisondesbieres.ca\/en\/wp-json\/wp\/v2\/types\/page"}],"author":[{"embeddable":true,"href":"https:\/\/maisondesbieres.ca\/en\/wp-json\/wp\/v2\/users\/1"}],"replies":[{"embeddable":true,"href":"https:\/\/maisondesbieres.ca\/en\/wp-json\/wp\/v2\/comments?post=22"}],"version-history":[{"count":36,"href":"https:\/\/maisondesbieres.ca\/en\/wp-json\/wp\/v2\/pages\/22\/revisions"}],"predecessor-version":[{"id":4110,"href":"https:\/\/maisondesbieres.ca\/en\/wp-json\/wp\/v2\/pages\/22\/revisions\/4110"}],"wp:attachment":[{"href":"https:\/\/maisondesbieres.ca\/en\/wp-json\/wp\/v2\/media?parent=22"}],"curies":[{"name":"wp","href":"https:\/\/api.w.org\/{rel}","templated":true}]}}